{"id":843,"date":"2024-12-25T19:02:55","date_gmt":"2024-12-25T19:02:55","guid":{"rendered":"https:\/\/www.ac-aldek.fr\/?page_id=843"},"modified":"2024-12-26T10:42:00","modified_gmt":"2024-12-26T10:42:00","slug":"mentions-legales","status":"publish","type":"page","link":"https:\/\/www.ac-aldek.fr\/index.php\/mentions-legales\/","title":{"rendered":"Mentions L\u00e9gales"},"content":{"rendered":"\n<p><strong>Association :<\/strong> ENSEMBLE SCOLAIRE AMARANTHE<br><strong>Statut Juridique :<\/strong> Association loi 1901 enregistr\u00e9e sous le RNA : W012016165<br><strong>Adresse de Gestion :<\/strong> 57 impasse du paradis, 01340 Montrevel-en-Bresse<br><strong>Pr\u00e9sident :<\/strong> Kyllian GAUTIER<br><strong>Vice-Pr\u00e9sident :<\/strong> Pierrick CORNUAT<br><strong>Adresse \u00e9lectronique :<\/strong> <a>etablissement@ac-aldek.fr<\/a><\/p>\n\n\n\n<p><strong>H\u00e9bergeur du site :<\/strong><br>Brocloud, 12 rue des Nuages, 75000 Paris, France.<br>Contact : <a>support@brocloud.fr<\/a><\/p>\n\n\n\n<p><strong>Objet de l\u2019association :<\/strong><br>Enseigner des savoirs dans le monde num\u00e9rique \u00e0 moindre co\u00fbts aux jeunes volontaires.<\/p>\n\n\n\n<p><\/p>\n","protected":false},"excerpt":{"rendered":"<p>Association : ENSEMBLE SCOLAIRE AMARANTHEStatut Juridique : Association loi 1901 enregistr\u00e9e sous le RNA : W012016165Adresse de Gestion : 57 impasse du paradis, 01340 Montrevel-en-BressePr\u00e9sident : Kyllian GAUTIERVice-Pr\u00e9sident : Pierrick CORNUATAdresse \u00e9lectronique : etablissement@ac-aldek.fr H\u00e9bergeur du site :Brocloud, 12 rue des Nuages, 75000 Paris, France.Contact : support@brocloud.fr Objet de l\u2019association :Enseigner des savoirs dans le [&hellip;]<\/p>\n","protected":false},"author":1,"featured_media":0,"parent":0,"menu_order":0,"comment_status":"closed","ping_status":"closed","template":"","meta":{"footnotes":""},"class_list":["post-843","page","type-page","status-publish","hentry"],"blocksy_meta":[],"_links":{"self":[{"href":"https:\/\/www.ac-aldek.fr\/index.php\/wp-json\/wp\/v2\/pages\/843","targetHints":{"allow":["GET"]}}],"collection":[{"href":"https:\/\/www.ac-aldek.fr\/index.php\/wp-json\/wp\/v2\/pages"}],"about":[{"href":"https:\/\/www.ac-aldek.fr\/index.php\/wp-json\/wp\/v2\/types\/page"}],"author":[{"embeddable":true,"href":"https:\/\/www.ac-aldek.fr\/index.php\/wp-json\/wp\/v2\/users\/1"}],"replies":[{"embeddable":true,"href":"https:\/\/www.ac-aldek.fr\/index.php\/wp-json\/wp\/v2\/comments?post=843"}],"version-history":[{"count":2,"href":"https:\/\/www.ac-aldek.fr\/index.php\/wp-json\/wp\/v2\/pages\/843\/revisions"}],"predecessor-version":[{"id":970,"href":"https:\/\/www.ac-aldek.fr\/index.php\/wp-json\/wp\/v2\/pages\/843\/revisions\/970"}],"wp:attachment":[{"href":"https:\/\/www.ac-aldek.fr\/index.php\/wp-json\/wp\/v2\/media?parent=843"}],"curies":[{"name":"wp","href":"https:\/\/api.w.org\/{rel}","templated":true}]}}